{"id":16595,"date":"2022-11-17T17:08:16","date_gmt":"2022-11-17T16:08:16","guid":{"rendered":"https:\/\/studiocanepa.it\/certificazione-iso-qualita\/"},"modified":"2024-01-25T01:02:18","modified_gmt":"2024-01-25T00:02:18","slug":"politica-pe-a-qualitae","status":"publish","type":"page","link":"https:\/\/studiocanepa.it\/ze\/politica-pe-a-qualitae\/","title":{"rendered":"Certificazione di qualit\u00e0"},"content":{"rendered":"<div class=\"wpb-content-wrapper\"><p>[vc_row css_animation=&#8221;&#8221; row_type=&#8221;row&#8221; use_row_as_full_screen_section=&#8221;no&#8221; type=&#8221;full_width&#8221; angled_section=&#8221;no&#8221; text_align=&#8221;left&#8221; background_image_as_pattern=&#8221;without_pattern&#8221; background_image=&#8221;15329&#8243; css=&#8221;.vc_custom_1481767128266{background-color: rgba(255,255,255,0.75) !important;*background-color: rgb(255,255,255) !important;}&#8221;][vc_column width=&#8221;1\/2&#8243; css=&#8221;.vc_custom_1481849677440{padding-left: 8% !important;background-color: rgba(255,255,255,0.85) !important;*background-color: rgb(255,255,255) !important;}&#8221;][vc_empty_space][vc_column_text css=&#8221;.vc_custom_1706140561094{padding-top: 4% !important;padding-left: 8% !important;}&#8221;]<\/p>\n<h1>POLITICA PE A QUALIT<span class=\"mw-page-title-main\">\u00c6<\/span><\/h1>\n<p>[\/vc_column_text][vc_empty_space][vc_column_text css=&#8221;.vc_custom_1706140620492{padding-right: 8% !important;padding-bottom: 8% !important;padding-left: 8% !important;}&#8221;]U Studio Canepa Associati se ad\u00eauvia t\u00f9tti i gi\u00f3rni pe un rep\u00ecggio e un cont\u00ecnoo\u00a0 megioam\u00e9nto de le profescionalit\u00e6 int\u00e8rne e de le conosc\u00e9nse.<\/p>\n<p>Qu\u00e9sto se az\u00f3nze a u natur\u00e2le rias\u00f9mme, a sodisfa\u00e7i\u00f3n du cli\u00e9nte o avent\u00f4 in un scist\u00eama de gesti\u00f3n che persegoe sorviat\u00f9tto la m\u00e0scima efficacia ed efic\u00e9nsa.<\/p>\n<p>Pe qu\u00e9sta rax\u00f3n lo Studio Canepa Associati ha realizou un scist\u00eama de gestion da qualit\u00e6 control\u00f2u a cad\u00e9nsa peri\u00f2dica riconferm\u00f2u ciclicam\u00e9nte c\u00f3mme validit\u00e6.<\/p>\n<p>I prin\u00e7\u00ecpi inspiratui sun rias\u00f3nti inta Politica per la Qualit\u00e0 un pap\u00ea che rias\u00f9mme gli \u00f2biet\u00eevi prim\u00e2i da persego\u00ee in tutte e \u00f2pera\u00e7i\u00f3n che rigoardan u Studio.[\/vc_column_text]\n\n\t<a href=\"https:\/\/studiocanepa.it\/wp-content\/uploads\/2024\/01\/Poli\u0300tica-pe-a-qualitae.pdf\" target=\"_blank\" style=\"color: #ffffff;background-color: #500f0b;font-weight: 500;margin: 20px 0px 0px 20px\" class=\"qode-btn qode-btn-medium qode-btn-solid qode-btn-custom-hover-bg qode-btn-custom-hover-color qode-btn-icon qode-btn-default-hover\" data-hover-bg-color=\"#efefef\" data-hover-color=\"#500f0b\" >\n\t    <span class=\"qode-btn-text\">Lezi u pap\u00ea<\/span><span class=\"qode-button-v2-icon-holder\"  ><i class=\"qode_icon_font_awesome fa fa-download qode-button-v2-icon-holder-inner\" ><\/i><\/span>\t<\/a>\n\n[vc_empty_space height=&#8221;100px&#8221;][\/vc_column][vc_column width=&#8221;1\/2&#8243;][vc_single_image image=&#8221;16575&#8243; img_size=&#8221;full&#8221; alignment=&#8221;center&#8221; onclick=&#8221;link_image&#8221; qode_css_animation=&#8221;&#8221;][\/vc_column][\/vc_row]<\/p>\n<\/div>","protected":false},"excerpt":{"rendered":"<p>[vc_row css_animation=&#8221;&#8221; row_type=&#8221;row&#8221; use_row_as_full_screen_section=&#8221;no&#8221; type=&#8221;full_width&#8221; angled_section=&#8221;no&#8221; text_align=&#8221;left&#8221; background_image_as_pattern=&#8221;without_pattern&#8221; background_image=&#8221;15329&#8243; css=&#8221;.vc_custom_1481767128266{background-color: rgba(255,255,255,0.75) !important;*background-color: rgb(255,255,255) !important;}&#8221;][vc_column width=&#8221;1\/2&#8243; css=&#8221;.vc_custom_1481849677440{padding-left: 8% !important;background-color: rgba(255,255,255,0.85) !important;*background-color: rgb(255,255,255) !important;}&#8221;][vc_empty_space][vc_column_text css=&#8221;.vc_custom_1706140561094{padding-top: 4% !important;padding-left: 8% !important;}&#8221;] POLITICA PE A QUALIT\u00c6 [\/vc_column_text][vc_empty_space][vc_column_text css=&#8221;.vc_custom_1706140620492{padding-right: 8% !important;padding-bottom: 8% !important;padding-left: 8% !important;}&#8221;]U Studio Canepa Associati se ad\u00eauvia t\u00f9tti&#8230;<\/p>\n","protected":false},"author":1,"featured_media":0,"parent":0,"menu_order":0,"comment_status":"closed","ping_status":"closed","template":"full_width.php","meta":{"footnotes":""},"class_list":["post-16595","page","type-page","status-publish","hentry"],"_links":{"self":[{"href":"https:\/\/studiocanepa.it\/ze\/wp-json\/wp\/v2\/pages\/16595","targetHints":{"allow":["GET"]}}],"collection":[{"href":"https:\/\/studiocanepa.it\/ze\/wp-json\/wp\/v2\/pages"}],"about":[{"href":"https:\/\/studiocanepa.it\/ze\/wp-json\/wp\/v2\/types\/page"}],"author":[{"embeddable":true,"href":"https:\/\/studiocanepa.it\/ze\/wp-json\/wp\/v2\/users\/1"}],"replies":[{"embeddable":true,"href":"https:\/\/studiocanepa.it\/ze\/wp-json\/wp\/v2\/comments?post=16595"}],"version-history":[{"count":2,"href":"https:\/\/studiocanepa.it\/ze\/wp-json\/wp\/v2\/pages\/16595\/revisions"}],"predecessor-version":[{"id":16599,"href":"https:\/\/studiocanepa.it\/ze\/wp-json\/wp\/v2\/pages\/16595\/revisions\/16599"}],"wp:attachment":[{"href":"https:\/\/studiocanepa.it\/ze\/wp-json\/wp\/v2\/media?parent=16595"}],"curies":[{"name":"wp","href":"https:\/\/api.w.org\/{rel}","templated":true}]}}