{"id":15787,"date":"2016-05-20T16:12:58","date_gmt":"2016-05-20T14:12:58","guid":{"rendered":"http:\/\/studiocanepa.it\/contatti\/"},"modified":"2024-01-01T23:18:03","modified_gmt":"2024-01-01T22:18:03","slug":"contata","status":"publish","type":"page","link":"https:\/\/studiocanepa.it\/ze\/contata\/","title":{"rendered":"Contat\u00e2"},"content":{"rendered":"<div class=\"wpb-content-wrapper\"><p>[vc_row css_animation=&#8221;&#8221; row_type=&#8221;row&#8221; use_row_as_full_screen_section=&#8221;no&#8221; type=&#8221;full_width&#8221; angled_section=&#8221;no&#8221; text_align=&#8221;left&#8221; background_image_as_pattern=&#8221;without_pattern&#8221;][vc_column width=&#8221;1\/2&#8243;][vc_column_text]<\/p>\n<h2>Pe scr\u00eeve do\u00ee r\u00eegghe a ni\u00e2tri<\/h2>\n<p>[\/vc_column_text]\n<div class=\"wpcf7 no-js\" id=\"wpcf7-f15815-o1\" lang=\"it-IT\" dir=\"ltr\" data-wpcf7-id=\"15815\">\n<div class=\"screen-reader-response\"><p role=\"status\" aria-live=\"polite\" aria-atomic=\"true\"><\/p> <ul><\/ul><\/div>\n<form action=\"\/ze\/wp-json\/wp\/v2\/pages\/15787#wpcf7-f15815-o1\" method=\"post\" class=\"wpcf7-form init cf7_custom_style_1\" aria-label=\"Contact form\" novalidate=\"novalidate\" data-status=\"init\">\n<fieldset class=\"hidden-fields-container\"><input type=\"hidden\" name=\"_wpcf7\" value=\"15815\" \/><input type=\"hidden\" name=\"_wpcf7_version\" value=\"6.1.5\" \/><input type=\"hidden\" name=\"_wpcf7_locale\" value=\"it_IT\" \/><input type=\"hidden\" name=\"_wpcf7_unit_tag\" value=\"wpcf7-f15815-o1\" \/><input type=\"hidden\" name=\"_wpcf7_container_post\" value=\"0\" \/><input type=\"hidden\" name=\"_wpcf7_posted_data_hash\" value=\"\" \/><input type=\"hidden\" name=\"_wpcf7_recaptcha_response\" value=\"\" \/>\n<\/fieldset>\n<p><label> N\u00f3mme (\u00f2bligat\u00f6io)<br \/>\n<span class=\"wpcf7-form-control-wrap\" data-name=\"your-name\"><input size=\"40\" maxlength=\"400\" class=\"wpcf7-form-control wpcf7-text wpcf7-validates-as-required\" aria-required=\"true\" aria-invalid=\"false\" value=\"\" type=\"text\" name=\"your-name\" \/><\/span> <\/label>\n<\/p>\n<p><label> P\u00f2sta eletr\u00f2nica (\u00f2bligat\u00f6ia)<br \/>\n<span class=\"wpcf7-form-control-wrap\" data-name=\"your-email\"><input size=\"40\" maxlength=\"400\" class=\"wpcf7-form-control wpcf7-email wpcf7-validates-as-required wpcf7-text wpcf7-validates-as-email\" aria-required=\"true\" aria-invalid=\"false\" value=\"\" type=\"email\" name=\"your-email\" \/><\/span> <\/label>\n<\/p>\n<p><label> Tel\u00e9fono (\u00f2bligat\u00f6io)<br \/>\n<span class=\"wpcf7-form-control-wrap\" data-name=\"tel-76\"><input size=\"40\" maxlength=\"400\" class=\"wpcf7-form-control wpcf7-tel wpcf7-validates-as-required wpcf7-text wpcf7-validates-as-tel\" aria-required=\"true\" aria-invalid=\"false\" value=\"\" type=\"tel\" name=\"tel-76\" \/><\/span> <\/label>\n<\/p>\n<p><label> T\u00eama<br \/>\n<span class=\"wpcf7-form-control-wrap\" data-name=\"your-subject\"><input size=\"40\" maxlength=\"400\" class=\"wpcf7-form-control wpcf7-text\" aria-invalid=\"false\" value=\"\" type=\"text\" name=\"your-subject\" \/><\/span> <\/label>\n<\/p>\n<p><label> Mes\u00e0ggio<br \/>\n<span class=\"wpcf7-form-control-wrap\" data-name=\"your-message\"><textarea cols=\"40\" rows=\"10\" maxlength=\"2000\" class=\"wpcf7-form-control wpcf7-textarea\" aria-invalid=\"false\" name=\"your-message\"><\/textarea><\/span> <\/label>\n<\/p>\n<p><label><span class=\"wpcf7-form-control-wrap\" data-name=\"acceptance-250\"><span class=\"wpcf7-form-control wpcf7-acceptance\"><span class=\"wpcf7-list-item\"><input type=\"checkbox\" name=\"acceptance-250\" value=\"1\" aria-invalid=\"false\" \/><\/span><\/span><\/span> Sun inform\u00f2u du car\u00e0tere priv\u00f2u<\/label>\n<\/p>\n\n<p><input class=\"wpcf7-form-control wpcf7-submit has-spinner\" type=\"submit\" value=\"Mand\u00e2\" \/>\n<\/p><p style=\"display: none !important;\" class=\"akismet-fields-container\" data-prefix=\"_wpcf7_ak_\"><label>&#916;<textarea name=\"_wpcf7_ak_hp_textarea\" cols=\"45\" rows=\"8\" maxlength=\"100\"><\/textarea><\/label><input type=\"hidden\" id=\"ak_js_1\" name=\"_wpcf7_ak_js\" value=\"111\"\/><script>document.getElementById( \"ak_js_1\" ).setAttribute( \"value\", ( new Date() ).getTime() );<\/script><\/p><div class=\"wpcf7-response-output\" aria-hidden=\"true\"><\/div>\n<\/form>\n<\/div>\n[\/vc_column][vc_column width=&#8221;1\/2&#8243; css=&#8221;.vc_custom_1482144885145{padding-left: 8% !important;}&#8221;]<span data-type=\"normal\"  class=\"qode_icon_shortcode  q_font_awsome_icon fa-3x pull-center \" style=\" \"><i class=\"qode_icon_font_awesome fa fa-map qode_icon_element\" style=\"color: #500f0b;\" ><\/i><\/span>[vc_column_text css=&#8221;.vc_custom_1484728871988{padding-top: 3% !important;padding-bottom: 3% !important;}&#8221;]<\/p>\n<p style=\"text-align: left;\"><strong>Pe truvane<\/strong> : semmu in via Menegu Fiasella 16, 16121 Zena<br \/>\n<strong>Pe telefon\u00e2.\u00a0<\/strong><br \/>\nU numero de ni\u00e2tri u l\u2019\u00e8 :+39 010 561227.<br \/>\n<strong>Pe scr\u00eeve.<\/strong> P\u00f2sta eletr\u00f2nica: associati[@]studiocanepa.it<\/p>\n<p>[\/vc_column_text][vc_gmaps link=&#8221;#E-8_JTNDaWZyYW1lJTIwc3JjJTNEJTIyaHR0cHMlM0ElMkYlMkZ3d3cuZ29vZ2xlLmNvbSUyRm1hcHMlMkZlbWJlZCUzRnBiJTNEJTIxMW0xOCUyMTFtMTIlMjExbTMlMjExZDI5MjguMjMzNjM5NTc0MDg3JTIxMmQ4LjkzODA1MDE1OTU3NDA4JTIxM2Q0NC40MDI2NzY0NjkzNzI5NyUyMTJtMyUyMTFmMCUyMTJmMCUyMTNmMCUyMTNtMiUyMTFpMTAyNCUyMTJpNzY4JTIxNGYxMy4xJTIxM20zJTIxMW0yJTIxMXMweDEyZDM0M2MxOTEzNTMyZWQlMjUzQTB4NmY4OTlkNTk4YTM4YWZiMCUyMTJzVmlhJTI1MjBEb21lbmljbyUyNTIwRmlhc2VsbGElMjUyQyUyNTIwMTYlMjUyQyUyNTIwMTYxMjElMjUyMEdlbm92YSUyNTIwR0UlMjE1ZTElMjEzbTIlMjExc2VuJTIxMnNpdCUyMTR2MTcwNDE0NzQzMzc2OSUyMTVtMiUyMTFzZW4lMjEyc2l0JTIyJTIwd2lkdGglM0QlMjI2MDAlMjIlMjBoZWlnaHQlM0QlMjI0NTAlMjIlMjBzdHlsZSUzRCUyMmJvcmRlciUzQTAlM0IlMjIlMjBhbGxvd2Z1bGxzY3JlZW4lM0QlMjIlMjIlMjBsb2FkaW5nJTNEJTIybGF6eSUyMiUyMHJlZmVycmVycG9saWN5JTNEJTIybm8tcmVmZXJyZXItd2hlbi1kb3duZ3JhZGUlMjIlM0UlM0MlMkZpZnJhbWUlM0U=&#8221; css=&#8221;.vc_custom_1704147477183{padding-top: 2% !important;}&#8221;][\/vc_column][\/vc_row]<\/p>\n<\/div>","protected":false},"excerpt":{"rendered":"<p>[vc_row css_animation=&#8221;&#8221; row_type=&#8221;row&#8221; use_row_as_full_screen_section=&#8221;no&#8221; type=&#8221;full_width&#8221; angled_section=&#8221;no&#8221; text_align=&#8221;left&#8221; background_image_as_pattern=&#8221;without_pattern&#8221;][vc_column width=&#8221;1\/2&#8243;][vc_column_text] Pe scr\u00eeve do\u00ee r\u00eegghe a ni\u00e2tri [\/vc_column_text][\/vc_column][vc_column width=&#8221;1\/2&#8243; css=&#8221;.vc_custom_1482144885145{padding-left: 8% !important;}&#8221;][vc_column_text css=&#8221;.vc_custom_1484728871988{padding-top: 3% !important;padding-bottom: 3% !important;}&#8221;] Pe truvane : semmu in via Menegu Fiasella 16, 16121 Zena Pe telefon\u00e2.\u00a0 U numero de ni\u00e2tri u l\u2019\u00e8 :+39&#8230;<\/p>\n","protected":false},"author":1,"featured_media":0,"parent":0,"menu_order":0,"comment_status":"closed","ping_status":"closed","template":"","meta":{"footnotes":""},"class_list":["post-15787","page","type-page","status-publish","hentry"],"_links":{"self":[{"href":"https:\/\/studiocanepa.it\/ze\/wp-json\/wp\/v2\/pages\/15787","targetHints":{"allow":["GET"]}}],"collection":[{"href":"https:\/\/studiocanepa.it\/ze\/wp-json\/wp\/v2\/pages"}],"about":[{"href":"https:\/\/studiocanepa.it\/ze\/wp-json\/wp\/v2\/types\/page"}],"author":[{"embeddable":true,"href":"https:\/\/studiocanepa.it\/ze\/wp-json\/wp\/v2\/users\/1"}],"replies":[{"embeddable":true,"href":"https:\/\/studiocanepa.it\/ze\/wp-json\/wp\/v2\/comments?post=15787"}],"version-history":[{"count":4,"href":"https:\/\/studiocanepa.it\/ze\/wp-json\/wp\/v2\/pages\/15787\/revisions"}],"predecessor-version":[{"id":16590,"href":"https:\/\/studiocanepa.it\/ze\/wp-json\/wp\/v2\/pages\/15787\/revisions\/16590"}],"wp:attachment":[{"href":"https:\/\/studiocanepa.it\/ze\/wp-json\/wp\/v2\/media?parent=15787"}],"curies":[{"name":"wp","href":"https:\/\/api.w.org\/{rel}","templated":true}]}}