{"id":15757,"date":"2016-05-20T16:07:55","date_gmt":"2016-05-20T14:07:55","guid":{"rendered":"http:\/\/studiocanepa.it\/?page_id=15757"},"modified":"2025-01-07T10:05:25","modified_gmt":"2025-01-07T09:05:25","slug":"home","status":"publish","type":"page","link":"https:\/\/studiocanepa.it\/ze\/","title":{"rendered":"Home"},"content":{"rendered":"<div class=\"wpb-content-wrapper\"><p>[vc_row css_animation=&#8221;&#8221; row_type=&#8221;row&#8221; use_row_as_full_screen_section=&#8221;no&#8221; type=&#8221;full_width&#8221; angled_section=&#8221;no&#8221; text_align=&#8221;left&#8221; background_image_as_pattern=&#8221;without_pattern&#8221; anchor=&#8221;intervista&#8221; z_index=&#8221;&#8221;][vc_column][vc_empty_space height=&#8221;20px&#8221;][vc_column_text css=&#8221;&#8221;]<\/p>\n<h2 style=\"text-align: center;\">L\u2019interv\u00ecsta: Giovanni Canepa u conta sciusci\u00e0nta\u00e7\u00ecnque \u00a0anni de profesci\u00f3n.<\/h2>\n<p>[\/vc_column_text][\/vc_column][\/vc_row][vc_row css_animation=&#8221;&#8221; row_type=&#8221;row&#8221; use_row_as_full_screen_section=&#8221;no&#8221; type=&#8221;full_width&#8221; angled_section=&#8221;no&#8221; text_align=&#8221;left&#8221; background_image_as_pattern=&#8221;without_pattern&#8221; z_index=&#8221;&#8221;][vc_column width=&#8221;1\/2&#8243;][vc_empty_space height=&#8221;40px&#8221;][vc_video link=&#8221;https:\/\/vimeo.com\/304561554&#8243;][vc_empty_space height=&#8221;40px&#8221;][\/vc_column][vc_column width=&#8221;1\/2&#8243;][vc_empty_space height=&#8221;40px&#8221;][vc_column_text css=&#8221;&#8221;]A l\u2019et\u00e6 de nov\u00e0nta \u00a0ber\u00e9tte u fondat\u00f4 du Studio Canepa e Associati ripercore in sta interv\u00ecsta 65 \u00e0nni\u00a0 de ativit\u00e6\u00a0 inta a profesci\u00f3n.<\/p>\n<p>Anc\u00f3n ancheu in sci\u00f4 tecnigrafo tanta pasci\u00f3n, u regolo calcolatore e <em>\u201cil santerellino\u201d<\/em>![\/vc_column_text][vc_empty_space height=&#8221;40px&#8221;][\/vc_column][\/vc_row]<\/p>\n<\/div>","protected":false},"excerpt":{"rendered":"<p>[vc_row css_animation=&#8221;&#8221; row_type=&#8221;row&#8221; use_row_as_full_screen_section=&#8221;no&#8221; type=&#8221;full_width&#8221; angled_section=&#8221;no&#8221; text_align=&#8221;left&#8221; background_image_as_pattern=&#8221;without_pattern&#8221; anchor=&#8221;intervista&#8221; z_index=&#8221;&#8221;][vc_column][vc_empty_space height=&#8221;20px&#8221;][vc_column_text css=&#8221;&#8221;] L\u2019interv\u00ecsta: Giovanni Canepa u conta sciusci\u00e0nta\u00e7\u00ecnque \u00a0anni de profesci\u00f3n. [\/vc_column_text][\/vc_column][\/vc_row][vc_row css_animation=&#8221;&#8221; row_type=&#8221;row&#8221; use_row_as_full_screen_section=&#8221;no&#8221; type=&#8221;full_width&#8221; angled_section=&#8221;no&#8221; text_align=&#8221;left&#8221; background_image_as_pattern=&#8221;without_pattern&#8221; z_index=&#8221;&#8221;][vc_column width=&#8221;1\/2&#8243;][vc_empty_space height=&#8221;40px&#8221;][vc_video link=&#8221;https:\/\/vimeo.com\/304561554&#8243;][vc_empty_space height=&#8221;40px&#8221;][\/vc_column][vc_column width=&#8221;1\/2&#8243;][vc_empty_space height=&#8221;40px&#8221;][vc_column_text css=&#8221;&#8221;]A l\u2019et\u00e6 de nov\u00e0nta \u00a0ber\u00e9tte u fondat\u00f4 du Studio&#8230;<\/p>\n","protected":false},"author":1,"featured_media":0,"parent":0,"menu_order":0,"comment_status":"closed","ping_status":"closed","template":"","meta":{"footnotes":""},"class_list":["post-15757","page","type-page","status-publish","hentry"],"_links":{"self":[{"href":"https:\/\/studiocanepa.it\/ze\/wp-json\/wp\/v2\/pages\/15757","targetHints":{"allow":["GET"]}}],"collection":[{"href":"https:\/\/studiocanepa.it\/ze\/wp-json\/wp\/v2\/pages"}],"about":[{"href":"https:\/\/studiocanepa.it\/ze\/wp-json\/wp\/v2\/types\/page"}],"author":[{"embeddable":true,"href":"https:\/\/studiocanepa.it\/ze\/wp-json\/wp\/v2\/users\/1"}],"replies":[{"embeddable":true,"href":"https:\/\/studiocanepa.it\/ze\/wp-json\/wp\/v2\/comments?post=15757"}],"version-history":[{"count":6,"href":"https:\/\/studiocanepa.it\/ze\/wp-json\/wp\/v2\/pages\/15757\/revisions"}],"predecessor-version":[{"id":16822,"href":"https:\/\/studiocanepa.it\/ze\/wp-json\/wp\/v2\/pages\/15757\/revisions\/16822"}],"wp:attachment":[{"href":"https:\/\/studiocanepa.it\/ze\/wp-json\/wp\/v2\/media?parent=15757"}],"curies":[{"name":"wp","href":"https:\/\/api.w.org\/{rel}","templated":true}]}}