{"id":16677,"date":"2024-12-17T12:24:57","date_gmt":"2024-12-17T11:24:57","guid":{"rendered":"https:\/\/studiocanepa.it\/contacts\/"},"modified":"2024-12-17T16:23:48","modified_gmt":"2024-12-17T15:23:48","slug":"contacts","status":"publish","type":"page","link":"https:\/\/studiocanepa.it\/fr\/contacts\/","title":{"rendered":"Contacts"},"content":{"rendered":"<div class=\"wpb-content-wrapper\"><p>[vc_row css_animation=\u00a0\u00bb\u00a0\u00bb row_type=\u00a0\u00bbrow\u00a0\u00bb use_row_as_full_screen_section=\u00a0\u00bbno\u00a0\u00bb type=\u00a0\u00bbfull_width\u00a0\u00bb angled_section=\u00a0\u00bbno\u00a0\u00bb text_align=\u00a0\u00bbleft\u00a0\u00bb background_image_as_pattern=\u00a0\u00bbwithout_pattern\u00a0\u00bb][vc_column width=\u00a0\u00bb1\/2&Prime;][vc_column_text]<\/p>\n<h2>Ecris-nous !<\/h2>\n<p>[\/vc_column_text]\n<div class=\"wpcf7 no-js\" id=\"wpcf7-f16681-o1\" lang=\"it-IT\" dir=\"ltr\" data-wpcf7-id=\"16681\">\n<div class=\"screen-reader-response\"><p role=\"status\" aria-live=\"polite\" aria-atomic=\"true\"><\/p> <ul><\/ul><\/div>\n<form action=\"\/fr\/wp-json\/wp\/v2\/pages\/16677#wpcf7-f16681-o1\" method=\"post\" class=\"wpcf7-form init cf7_custom_style_1\" aria-label=\"Modulo di contatto\" novalidate=\"novalidate\" data-status=\"init\">\n<fieldset class=\"hidden-fields-container\"><input type=\"hidden\" name=\"_wpcf7\" value=\"16681\" \/><input type=\"hidden\" name=\"_wpcf7_version\" value=\"6.1.5\" \/><input type=\"hidden\" name=\"_wpcf7_locale\" value=\"it_IT\" \/><input type=\"hidden\" name=\"_wpcf7_unit_tag\" value=\"wpcf7-f16681-o1\" \/><input type=\"hidden\" name=\"_wpcf7_container_post\" value=\"0\" \/><input type=\"hidden\" name=\"_wpcf7_posted_data_hash\" value=\"\" \/><input type=\"hidden\" name=\"_wpcf7_recaptcha_response\" value=\"\" \/>\n<\/fieldset>\n<p><label> Nom (obligatoire)<br \/>\n<span class=\"wpcf7-form-control-wrap\" data-name=\"your-name\"><input size=\"40\" maxlength=\"400\" class=\"wpcf7-form-control wpcf7-text wpcf7-validates-as-required\" aria-required=\"true\" aria-invalid=\"false\" value=\"\" type=\"text\" name=\"your-name\" \/><\/span> <\/label>\n<\/p>\n<p><label> Ton e-mail (obligatoire)<br \/>\n<span class=\"wpcf7-form-control-wrap\" data-name=\"your-email\"><input size=\"40\" maxlength=\"400\" class=\"wpcf7-form-control wpcf7-email wpcf7-validates-as-required wpcf7-text wpcf7-validates-as-email\" aria-required=\"true\" aria-invalid=\"false\" value=\"\" type=\"email\" name=\"your-email\" \/><\/span> <\/label>\n<\/p>\n<p><label> T\u00e9l\u00e9phone (obligatoire)<br \/>\n<span class=\"wpcf7-form-control-wrap\" data-name=\"tel-76\"><input size=\"40\" maxlength=\"400\" class=\"wpcf7-form-control wpcf7-tel wpcf7-validates-as-required wpcf7-text wpcf7-validates-as-tel\" aria-required=\"true\" aria-invalid=\"false\" value=\"\" type=\"tel\" name=\"tel-76\" \/><\/span> <\/label>\n<\/p>\n<p><label> Sujet<br \/>\n<span class=\"wpcf7-form-control-wrap\" data-name=\"your-subject\"><input size=\"40\" maxlength=\"400\" class=\"wpcf7-form-control wpcf7-text\" aria-invalid=\"false\" value=\"\" type=\"text\" name=\"your-subject\" \/><\/span> <\/label>\n<\/p>\n<p><label> Ton message<br \/>\n<span class=\"wpcf7-form-control-wrap\" data-name=\"your-message\"><textarea cols=\"40\" rows=\"10\" maxlength=\"2000\" class=\"wpcf7-form-control wpcf7-textarea\" aria-invalid=\"false\" name=\"your-message\"><\/textarea><\/span> <\/label>\n<\/p>\n<p><label><span class=\"wpcf7-form-control-wrap\" data-name=\"acceptance-250\"><span class=\"wpcf7-form-control wpcf7-acceptance\"><span class=\"wpcf7-list-item\"><input type=\"checkbox\" name=\"acceptance-250\" value=\"1\" aria-invalid=\"false\" \/><\/span><\/span><\/span> J'ai lu <a href=\"http:\/\/studiocanepa.it\/privacy-policy\/\" target=\"_blank\">la politique de confidentialit\u00e9<\/a><\/label>\n<\/p>\n\n<p><input class=\"wpcf7-form-control wpcf7-submit has-spinner\" type=\"submit\" value=\"Envoyer\" \/>\n<\/p><p style=\"display: none !important;\" class=\"akismet-fields-container\" data-prefix=\"_wpcf7_ak_\"><label>&#916;<textarea name=\"_wpcf7_ak_hp_textarea\" cols=\"45\" rows=\"8\" maxlength=\"100\"><\/textarea><\/label><input type=\"hidden\" id=\"ak_js_1\" name=\"_wpcf7_ak_js\" value=\"50\"\/><script>document.getElementById( \"ak_js_1\" ).setAttribute( \"value\", ( new Date() ).getTime() );<\/script><\/p><div class=\"wpcf7-response-output\" aria-hidden=\"true\"><\/div>\n<\/form>\n<\/div>\n[\/vc_column][vc_column width=\u00a0\u00bb1\/2&Prime; css=\u00a0\u00bb.vc_custom_1482144885145{padding-left: 8% !important;}\u00a0\u00bb]<span data-type=\"normal\"  class=\"qode_icon_shortcode  q_font_awsome_icon fa-3x pull-center \" style=\" \"><i class=\"qode_icon_font_awesome fa fa-map qode_icon_element\" style=\"color: #500f0b;\" ><\/i><\/span>[vc_column_text css=\u00a0\u00bb.vc_custom_1733418707977{padding-top: 3% !important;padding-bottom: 3% !important;}\u00a0\u00bb]<\/p>\n<p style=\"text-align: left;\"><strong>Viens nous voir.<\/strong> Nous sommes \u00e0 G\u00eanes, Via Domenico Fiasella 16, 16121.<\/p>\n<p style=\"text-align: left;\"><strong>Appelle-nous. <\/strong><br \/>\nNos num\u00e9ros de t\u00e9l\u00e9phone sont : +39 010 561227, +39 010 585064.<\/p>\n<p style=\"text-align: left;\"><strong>Ecris-nous.<\/strong> Notre adresse est associati[@]studiocanepa.it<\/p>\n<p>[\/vc_column_text][vc_gmaps link=\u00a0\u00bb#E-8_JTNDaWZyYW1lJTIwc3JjJTNEJTIyaHR0cHMlM0ElMkYlMkZ3d3cuZ29vZ2xlLmNvbSUyRm1hcHMlMkZlbWJlZCUzRnBiJTNEJTIxMW0xNCUyMTFtOCUyMTFtMyUyMTFkNTcwMC45MTQwNDkwODY3MzIlMjEyZDguOTQwODQ0NjU3Nzc3NDYxJTIxM2Q0NC40MDMyNjY2ODQ5MjUzNSUyMTNtMiUyMTFpMTAyNCUyMTJpNzY4JTIxNGYxMy4xJTIxM20zJTIxMW0yJTIxMXMweDAlMjUzQTB4ZmVhY2E3NDkwYzdiZGQ5JTIxMnNTdHVkaW8lMkJDYW5lcGElMkJBc3NvY2lhdGklMjE1ZTAlMjEzbTIlMjExc2l0JTIxMnNpdCUyMTR2MTQ4MjE0NjI5MjI3NSUyMiUyMHdpZHRoJTNEJTIyNjAwJTIyJTIwaGVpZ2h0JTNEJTIyNDUwJTIyJTIwZnJhbWVib3JkZXIlM0QlMjIwJTIyJTIwc3R5bGUlM0QlMjJib3JkZXIlM0EwJTIyJTIwYWxsb3dmdWxsc2NyZWVuJTNEJTIyJTIyJTNFJTNDJTJGaWZyYW1lJTNF\u00a0\u00bb css=\u00a0\u00bb.vc_custom_1734449023310{padding-top: 2% !important;}\u00a0\u00bb][\/vc_column][\/vc_row]<\/p>\n<\/div>","protected":false},"excerpt":{"rendered":"<p>[vc_row css_animation=\u00a0\u00bb\u00a0\u00bb row_type=\u00a0\u00bbrow\u00a0\u00bb use_row_as_full_screen_section=\u00a0\u00bbno\u00a0\u00bb type=\u00a0\u00bbfull_width\u00a0\u00bb angled_section=\u00a0\u00bbno\u00a0\u00bb text_align=\u00a0\u00bbleft\u00a0\u00bb background_image_as_pattern=\u00a0\u00bbwithout_pattern\u00a0\u00bb][vc_column width=\u00a0\u00bb1\/2&Prime;][vc_column_text] Ecris-nous ! [\/vc_column_text][\/vc_column][vc_column width=\u00a0\u00bb1\/2&Prime; css=\u00a0\u00bb.vc_custom_1482144885145{padding-left: 8% !important;}\u00a0\u00bb][vc_column_text css=\u00a0\u00bb.vc_custom_1733418707977{padding-top: 3% !important;padding-bottom: 3% !important;}\u00a0\u00bb] Viens nous voir. Nous sommes \u00e0 G\u00eanes, Via Domenico Fiasella 16, 16121. Appelle-nous. Nos num\u00e9ros de t\u00e9l\u00e9phone sont : +39 010 561227, +39 010&#8230;<\/p>\n","protected":false},"author":1,"featured_media":0,"parent":0,"menu_order":0,"comment_status":"closed","ping_status":"closed","template":"","meta":{"footnotes":""},"class_list":["post-16677","page","type-page","status-publish","hentry"],"_links":{"self":[{"href":"https:\/\/studiocanepa.it\/fr\/wp-json\/wp\/v2\/pages\/16677","targetHints":{"allow":["GET"]}}],"collection":[{"href":"https:\/\/studiocanepa.it\/fr\/wp-json\/wp\/v2\/pages"}],"about":[{"href":"https:\/\/studiocanepa.it\/fr\/wp-json\/wp\/v2\/types\/page"}],"author":[{"embeddable":true,"href":"https:\/\/studiocanepa.it\/fr\/wp-json\/wp\/v2\/users\/1"}],"replies":[{"embeddable":true,"href":"https:\/\/studiocanepa.it\/fr\/wp-json\/wp\/v2\/comments?post=16677"}],"version-history":[{"count":5,"href":"https:\/\/studiocanepa.it\/fr\/wp-json\/wp\/v2\/pages\/16677\/revisions"}],"predecessor-version":[{"id":16683,"href":"https:\/\/studiocanepa.it\/fr\/wp-json\/wp\/v2\/pages\/16677\/revisions\/16683"}],"wp:attachment":[{"href":"https:\/\/studiocanepa.it\/fr\/wp-json\/wp\/v2\/media?parent=16677"}],"curies":[{"name":"wp","href":"https:\/\/api.w.org\/{rel}","templated":true}]}}