{"id":16674,"date":"2024-12-13T18:50:28","date_gmt":"2024-12-13T17:50:28","guid":{"rendered":"https:\/\/studiocanepa.it\/certification-de-la-qualite\/"},"modified":"2024-12-17T11:56:44","modified_gmt":"2024-12-17T10:56:44","slug":"certification-de-la-qualite","status":"publish","type":"page","link":"https:\/\/studiocanepa.it\/fr\/certification-de-la-qualite\/","title":{"rendered":"Certification de la qualit\u00e9"},"content":{"rendered":"<div class=\"wpb-content-wrapper\"><p>[vc_row css_animation=\u00a0\u00bb\u00a0\u00bb row_type=\u00a0\u00bbrow\u00a0\u00bb use_row_as_full_screen_section=\u00a0\u00bbno\u00a0\u00bb type=\u00a0\u00bbfull_width\u00a0\u00bb angled_section=\u00a0\u00bbno\u00a0\u00bb text_align=\u00a0\u00bbleft\u00a0\u00bb background_image_as_pattern=\u00a0\u00bbwithout_pattern\u00a0\u00bb background_image=\u00a0\u00bb15329&Prime; css=\u00a0\u00bb.vc_custom_1481767128266{background-color: rgba(255,255,255,0.75) !important;*background-color: rgb(255,255,255) !important;}\u00a0\u00bb][vc_column width=\u00a0\u00bb1\/2&Prime; css=\u00a0\u00bb.vc_custom_1481849677440{padding-left: 8% !important;background-color: rgba(255,255,255,0.85) !important;*background-color: rgb(255,255,255) !important;}\u00a0\u00bb][vc_empty_space][vc_column_text css=\u00a0\u00bb.vc_custom_1668701824284{padding-top: 4% !important;padding-left: 8% !important;}\u00a0\u00bb]<\/p>\n<h1>CERTIFICATION DE LA QUALIT\u00c9<\/h1>\n<p>[\/vc_column_text][vc_empty_space][vc_column_text css=\u00a0\u00bb.vc_custom_1733744429670{padding-right: 8% !important;padding-bottom: 8% !important;padding-left: 8% !important;}\u00a0\u00bb]Studio Canepa Associati s&rsquo;efforce quotidiennement d&rsquo;am\u00e9liorer continuellement le professionnalisme et les connaissances au sein de l&rsquo;entreprise.<\/p>\n<p>Cela s&rsquo;ajoute \u00e0 l&rsquo;objectif naturel de recherche de la satisfaction du client dans un syst\u00e8me de gestion qui recherche avant tout les plus hauts niveaux d&rsquo;efficacit\u00e9 et d&rsquo;efficience.<\/p>\n<p>C&rsquo;est pour cette raison que le Studio Canepa Associati a mis en place un syst\u00e8me de gestion de la qualit\u00e9 il y a de nombreuses ann\u00e9es, qui est p\u00e9riodiquement v\u00e9rifi\u00e9 et reconfirm\u00e9 cycliquement dans sa validit\u00e9.<\/p>\n<p>Les principes qui l&rsquo;inspirent sont r\u00e9sum\u00e9s dans la politique de qualit\u00e9, un document qui r\u00e9sume les objectifs principaux \u00e0 poursuivre dans tous les processus affectant l&rsquo;entreprise.[\/vc_column_text]\n\n\t<a href=\"https:\/\/studiocanepa.it\/wp-content\/uploads\/2022\/11\/POLITICA-PER-LA-QUALITA.pdf\" target=\"_blank\" style=\"color: #ffffff;background-color: #500f0b;font-weight: 500;margin: 20px 0px 0px 20px\" class=\"qode-btn qode-btn-medium qode-btn-solid qode-btn-custom-hover-bg qode-btn-custom-hover-color qode-btn-icon qode-btn-default-hover\" data-hover-bg-color=\"#efefef\" data-hover-color=\"#500f0b\" >\n\t    <span class=\"qode-btn-text\">T\u00e9l\u00e9charger et lire le document<\/span><span class=\"qode-button-v2-icon-holder\"  ><i class=\"qode_icon_font_awesome fa fa-download qode-button-v2-icon-holder-inner\" ><\/i><\/span>\t<\/a>\n\n[vc_empty_space height=\u00a0\u00bb100px\u00a0\u00bb][\/vc_column][vc_column width=\u00a0\u00bb1\/2&Prime;][vc_single_image image=\u00a0\u00bb16575&Prime; img_size=\u00a0\u00bbfull\u00a0\u00bb alignment=\u00a0\u00bbcenter\u00a0\u00bb onclick=\u00a0\u00bblink_image\u00a0\u00bb qode_css_animation=\u00a0\u00bb\u00a0\u00bb][\/vc_column][\/vc_row]<\/p>\n<\/div>","protected":false},"excerpt":{"rendered":"<p>[vc_row css_animation=\u00a0\u00bb\u00a0\u00bb row_type=\u00a0\u00bbrow\u00a0\u00bb use_row_as_full_screen_section=\u00a0\u00bbno\u00a0\u00bb type=\u00a0\u00bbfull_width\u00a0\u00bb angled_section=\u00a0\u00bbno\u00a0\u00bb text_align=\u00a0\u00bbleft\u00a0\u00bb background_image_as_pattern=\u00a0\u00bbwithout_pattern\u00a0\u00bb background_image=\u00a0\u00bb15329&Prime; css=\u00a0\u00bb.vc_custom_1481767128266{background-color: rgba(255,255,255,0.75) !important;*background-color: rgb(255,255,255) !important;}\u00a0\u00bb][vc_column width=\u00a0\u00bb1\/2&Prime; css=\u00a0\u00bb.vc_custom_1481849677440{padding-left: 8% !important;background-color: rgba(255,255,255,0.85) !important;*background-color: rgb(255,255,255) !important;}\u00a0\u00bb][vc_empty_space][vc_column_text css=\u00a0\u00bb.vc_custom_1668701824284{padding-top: 4% !important;padding-left: 8% !important;}\u00a0\u00bb] CERTIFICATION DE LA QUALIT\u00c9 [\/vc_column_text][vc_empty_space][vc_column_text css=\u00a0\u00bb.vc_custom_1733744429670{padding-right: 8% !important;padding-bottom: 8% !important;padding-left: 8% !important;}\u00a0\u00bb]Studio Canepa Associati s&rsquo;efforce quotidiennement d&rsquo;am\u00e9liorer continuellement&#8230;<\/p>\n","protected":false},"author":1,"featured_media":0,"parent":0,"menu_order":0,"comment_status":"closed","ping_status":"closed","template":"full_width.php","meta":{"footnotes":""},"class_list":["post-16674","page","type-page","status-publish","hentry"],"_links":{"self":[{"href":"https:\/\/studiocanepa.it\/fr\/wp-json\/wp\/v2\/pages\/16674","targetHints":{"allow":["GET"]}}],"collection":[{"href":"https:\/\/studiocanepa.it\/fr\/wp-json\/wp\/v2\/pages"}],"about":[{"href":"https:\/\/studiocanepa.it\/fr\/wp-json\/wp\/v2\/types\/page"}],"author":[{"embeddable":true,"href":"https:\/\/studiocanepa.it\/fr\/wp-json\/wp\/v2\/users\/1"}],"replies":[{"embeddable":true,"href":"https:\/\/studiocanepa.it\/fr\/wp-json\/wp\/v2\/comments?post=16674"}],"version-history":[{"count":2,"href":"https:\/\/studiocanepa.it\/fr\/wp-json\/wp\/v2\/pages\/16674\/revisions"}],"predecessor-version":[{"id":16676,"href":"https:\/\/studiocanepa.it\/fr\/wp-json\/wp\/v2\/pages\/16674\/revisions\/16676"}],"wp:attachment":[{"href":"https:\/\/studiocanepa.it\/fr\/wp-json\/wp\/v2\/media?parent=16674"}],"curies":[{"name":"wp","href":"https:\/\/api.w.org\/{rel}","templated":true}]}}