{"id":16666,"date":"2024-12-13T18:42:58","date_gmt":"2024-12-13T17:42:58","guid":{"rendered":"https:\/\/studiocanepa.it\/a-propos-de-nous\/"},"modified":"2024-12-17T11:58:06","modified_gmt":"2024-12-17T10:58:06","slug":"a-propos-de-nous","status":"publish","type":"page","link":"https:\/\/studiocanepa.it\/fr\/a-propos-de-nous\/","title":{"rendered":"A propos de nous"},"content":{"rendered":"<div class=\"wpb-content-wrapper\"><p>[vc_row row_type=\u00a0\u00bbrow\u00a0\u00bb use_row_as_full_screen_section=\u00a0\u00bbno\u00a0\u00bb type=\u00a0\u00bbfull_width\u00a0\u00bb angled_section=\u00a0\u00bbno\u00a0\u00bb text_align=\u00a0\u00bbleft\u00a0\u00bb background_image=\u00a0\u00bb15329&Prime; background_image_as_pattern=\u00a0\u00bbwithout_pattern\u00a0\u00bb css_animation=\u00a0\u00bb\u00a0\u00bb css=\u00a0\u00bb.vc_custom_1481767128266{background-color: rgba(255,255,255,0.75) !important;*background-color: rgb(255,255,255) !important;}\u00a0\u00bb][vc_column width=\u00a0\u00bb1\/2&Prime; css=\u00a0\u00bb.vc_custom_1481849677440{padding-left: 8% !important;background-color: rgba(255,255,255,0.85) !important;*background-color: rgb(255,255,255) !important;}\u00a0\u00bb][vc_column_text css=\u00a0\u00bb.vc_custom_1481768865806{padding-top: 4% !important;padding-left: 8% !important;}\u00a0\u00bb]<\/p>\n<h1>L&rsquo;atelier<\/h1>\n<p>[\/vc_column_text][vc_gallery type=\u00a0\u00bbimage_grid\u00a0\u00bb images=\u00a0\u00bb15530,15528,15527,15529&Prime; column_number=\u00a0\u00bb4&Prime; grayscale=\u00a0\u00bbno\u00a0\u00bb images_space=\u00a0\u00bbgallery_with_space\u00a0\u00bb css=\u00a0\u00bb.vc_custom_1490262876603{padding-top: 8% !important;padding-right: 8% !important;padding-left: 8% !important;}\u00a0\u00bb][vc_column_text css=\u00a0\u00bb.vc_custom_1488282171708{padding-right: 8% !important;padding-bottom: 8% !important;padding-left: 8% !important;}\u00a0\u00bb]Le<strong> Studio Canepa Associati<\/strong> a \u00e9t\u00e9 cr\u00e9\u00e9 \u00e0 G\u00eanes par son \u00ab fondateur \u00bb, l&rsquo;ing\u00e9nieur Giovanni Canepa. En 1999, il d\u00e9cide de donner une continuit\u00e9 \u00e0 son <em>cabinet technique<\/em> historique en mettant toute son exp\u00e9rience et son professionnalisme \u00e0 la disposition de son fils, l&rsquo;architecte Maurizio Canepa, et de son petit-fils, l&rsquo;ing\u00e9nieur Giovanni G. Canepa.<\/p>\n<p>Le cabinet se caract\u00e9rise par un <strong>savoir-faire pluridisciplinaire<\/strong> dans les multiples domaines du <strong>design, de l&rsquo;urbanisme et de l&rsquo;architecture, de l&rsquo;ing\u00e9nierie<\/strong> structurelle et g\u00e9otechnique. Fort de ces connaissances, Studio Canepa <strong>con\u00e7oit des b\u00e2timents manufacturiers, commerciaux, de bureaux, r\u00e9sidentiels, des infrastructures, des routes, des ponts<\/strong>, ainsi que des b\u00e2timents publics, des \u00e9coles, des \u00e9glises et bien d&rsquo;autres encore.<\/p>\n<p>Au fil des ans, les \u0153uvres du Studio sont devenues une partie int\u00e9grante et des symboles distinctifs du paysage urbain de <strong>G\u00eanes<\/strong>.<\/p>\n<p>La formule du succ\u00e8s du Studio Canepa consiste \u00e0 int\u00e9grer le style pratique traditionnel \u00e0 la m\u00e9thode des comp\u00e9tences multiples et interdisciplinaires.<\/p>\n<p>Aux c\u00f4t\u00e9s des fondateurs travaillent des collaborateurs \u00ab historiques \u00bb et une \u00e9quipe de jeunes ing\u00e9nieurs et architectes sp\u00e9cialis\u00e9s dans des domaines strat\u00e9giques : de la s\u00e9curit\u00e9 \u00e0 l&rsquo;attention port\u00e9e aux d\u00e9tails esth\u00e9tiques en utilisant les technologies les plus innovantes appliqu\u00e9es \u00e0 la construction.[\/vc_column_text][vc_video link=\u00a0\u00bbhttps:\/\/vimeo.com\/198815149\/\u00a0\u00bb el_width=\u00a0\u00bb90&Prime; align=\u00a0\u00bbcenter\u00a0\u00bb css=\u00a0\u00bb.vc_custom_1484044512215{padding-bottom: 2% !important;}\u00a0\u00bb][\/vc_column][vc_column width=\u00a0\u00bb1\/4&Prime;][\/vc_column][vc_column width=\u00a0\u00bb1\/4&Prime;][\/vc_column][\/vc_row]<\/p>\n<\/div>","protected":false},"excerpt":{"rendered":"<p>[vc_row row_type=\u00a0\u00bbrow\u00a0\u00bb use_row_as_full_screen_section=\u00a0\u00bbno\u00a0\u00bb type=\u00a0\u00bbfull_width\u00a0\u00bb angled_section=\u00a0\u00bbno\u00a0\u00bb text_align=\u00a0\u00bbleft\u00a0\u00bb background_image=\u00a0\u00bb15329&Prime; background_image_as_pattern=\u00a0\u00bbwithout_pattern\u00a0\u00bb css_animation=\u00a0\u00bb\u00a0\u00bb css=\u00a0\u00bb.vc_custom_1481767128266{background-color: rgba(255,255,255,0.75) !important;*background-color: rgb(255,255,255) !important;}\u00a0\u00bb][vc_column width=\u00a0\u00bb1\/2&Prime; css=\u00a0\u00bb.vc_custom_1481849677440{padding-left: 8% !important;background-color: rgba(255,255,255,0.85) !important;*background-color: rgb(255,255,255) !important;}\u00a0\u00bb][vc_column_text css=\u00a0\u00bb.vc_custom_1481768865806{padding-top: 4% !important;padding-left: 8% !important;}\u00a0\u00bb] L&rsquo;atelier [\/vc_column_text][vc_gallery type=\u00a0\u00bbimage_grid\u00a0\u00bb images=\u00a0\u00bb15530,15528,15527,15529&Prime; column_number=\u00a0\u00bb4&Prime; grayscale=\u00a0\u00bbno\u00a0\u00bb images_space=\u00a0\u00bbgallery_with_space\u00a0\u00bb css=\u00a0\u00bb.vc_custom_1490262876603{padding-top: 8% !important;padding-right: 8% !important;padding-left: 8% !important;}\u00a0\u00bb][vc_column_text css=\u00a0\u00bb.vc_custom_1488282171708{padding-right: 8% !important;padding-bottom: 8%&#8230;<\/p>\n","protected":false},"author":1,"featured_media":16668,"parent":0,"menu_order":0,"comment_status":"closed","ping_status":"closed","template":"full_width.php","meta":{"footnotes":""},"class_list":["post-16666","page","type-page","status-publish","has-post-thumbnail","hentry"],"_links":{"self":[{"href":"https:\/\/studiocanepa.it\/fr\/wp-json\/wp\/v2\/pages\/16666","targetHints":{"allow":["GET"]}}],"collection":[{"href":"https:\/\/studiocanepa.it\/fr\/wp-json\/wp\/v2\/pages"}],"about":[{"href":"https:\/\/studiocanepa.it\/fr\/wp-json\/wp\/v2\/types\/page"}],"author":[{"embeddable":true,"href":"https:\/\/studiocanepa.it\/fr\/wp-json\/wp\/v2\/users\/1"}],"replies":[{"embeddable":true,"href":"https:\/\/studiocanepa.it\/fr\/wp-json\/wp\/v2\/comments?post=16666"}],"version-history":[{"count":5,"href":"https:\/\/studiocanepa.it\/fr\/wp-json\/wp\/v2\/pages\/16666\/revisions"}],"predecessor-version":[{"id":16673,"href":"https:\/\/studiocanepa.it\/fr\/wp-json\/wp\/v2\/pages\/16666\/revisions\/16673"}],"wp:featuredmedia":[{"embeddable":true,"href":"https:\/\/studiocanepa.it\/fr\/wp-json\/wp\/v2\/media\/16668"}],"wp:attachment":[{"href":"https:\/\/studiocanepa.it\/fr\/wp-json\/wp\/v2\/media?parent=16666"}],"curies":[{"name":"wp","href":"https:\/\/api.w.org\/{rel}","templated":true}]}}