{"id":16656,"date":"2024-12-13T17:02:46","date_gmt":"2024-12-13T16:02:46","guid":{"rendered":"https:\/\/studiocanepa.it\/accueil\/"},"modified":"2024-12-13T17:21:16","modified_gmt":"2024-12-13T16:21:16","slug":"accueil","status":"publish","type":"page","link":"https:\/\/studiocanepa.it\/fr\/","title":{"rendered":"Accueil"},"content":{"rendered":"<div class=\"wpb-content-wrapper\"><p>[vc_row css_animation=\u00a0\u00bb\u00a0\u00bb row_type=\u00a0\u00bbrow\u00a0\u00bb use_row_as_full_screen_section=\u00a0\u00bbno\u00a0\u00bb type=\u00a0\u00bbfull_width\u00a0\u00bb anchor=\u00a0\u00bbintervista\u00a0\u00bb angled_section=\u00a0\u00bbno\u00a0\u00bb text_align=\u00a0\u00bbleft\u00a0\u00bb background_image_as_pattern=\u00a0\u00bbwithout_pattern\u00a0\u00bb z_index=\u00a0\u00bb\u00a0\u00bb][vc_column][vc_empty_space height=\u00a0\u00bb20px\u00a0\u00bb][vc_column_text]<\/p>\n<h2 style=\"text-align: center;\">L&rsquo;interview: Giovanni Canepa parle de 65 ans de m\u00e9tier<\/h2>\n<p>[\/vc_column_text][\/vc_column][\/vc_row][vc_row css_animation=\u00a0\u00bb\u00a0\u00bb row_type=\u00a0\u00bbrow\u00a0\u00bb use_row_as_full_screen_section=\u00a0\u00bbno\u00a0\u00bb type=\u00a0\u00bbfull_width\u00a0\u00bb angled_section=\u00a0\u00bbno\u00a0\u00bb text_align=\u00a0\u00bbleft\u00a0\u00bb background_image_as_pattern=\u00a0\u00bbwithout_pattern\u00a0\u00bb z_index=\u00a0\u00bb\u00a0\u00bb][vc_column width=\u00a0\u00bb1\/2&Prime;][vc_empty_space height=\u00a0\u00bb40px\u00a0\u00bb][vc_video link=\u00a0\u00bbhttps:\/\/vimeo.com\/304561554&Prime;][vc_empty_space height=\u00a0\u00bb40px\u00a0\u00bb][\/vc_column][vc_column width=\u00a0\u00bb1\/2&Prime;][vc_empty_space height=\u00a0\u00bb40px\u00a0\u00bb][vc_column_text]L&rsquo;ing\u00e9nieur Giovanni Canepa raconte son histoire.<\/p>\n<p>\u00c0 l&rsquo;\u00e2ge de 90 ans, le fondateur du Studio Canepa e Associati revient sur ses 65 ans de carri\u00e8re dans cette interview.<\/p>\n<p>Aujourd&rsquo;hui encore, il n&rsquo;y a que trois choses sur la table \u00e0 dessin : beaucoup de passion, la r\u00e8gle \u00e0 calcul et le <em>\u00ab\u00a0santerellino\u00a0\u00bb&#8230;<\/em>[\/vc_column_text][vc_empty_space height=\u00a0\u00bb40px\u00a0\u00bb][\/vc_column][\/vc_row]<\/p>\n<\/div>","protected":false},"excerpt":{"rendered":"<p>[vc_row css_animation=\u00a0\u00bb\u00a0\u00bb row_type=\u00a0\u00bbrow\u00a0\u00bb use_row_as_full_screen_section=\u00a0\u00bbno\u00a0\u00bb type=\u00a0\u00bbfull_width\u00a0\u00bb anchor=\u00a0\u00bbintervista\u00a0\u00bb angled_section=\u00a0\u00bbno\u00a0\u00bb text_align=\u00a0\u00bbleft\u00a0\u00bb background_image_as_pattern=\u00a0\u00bbwithout_pattern\u00a0\u00bb z_index=\u00a0\u00bb\u00a0\u00bb][vc_column][vc_empty_space height=\u00a0\u00bb20px\u00a0\u00bb][vc_column_text] L&rsquo;interview: Giovanni Canepa parle de 65 ans de m\u00e9tier [\/vc_column_text][\/vc_column][\/vc_row][vc_row css_animation=\u00a0\u00bb\u00a0\u00bb row_type=\u00a0\u00bbrow\u00a0\u00bb use_row_as_full_screen_section=\u00a0\u00bbno\u00a0\u00bb type=\u00a0\u00bbfull_width\u00a0\u00bb angled_section=\u00a0\u00bbno\u00a0\u00bb text_align=\u00a0\u00bbleft\u00a0\u00bb background_image_as_pattern=\u00a0\u00bbwithout_pattern\u00a0\u00bb z_index=\u00a0\u00bb\u00a0\u00bb][vc_column width=\u00a0\u00bb1\/2&Prime;][vc_empty_space height=\u00a0\u00bb40px\u00a0\u00bb][vc_video link=\u00a0\u00bbhttps:\/\/vimeo.com\/304561554&Prime;][vc_empty_space height=\u00a0\u00bb40px\u00a0\u00bb][\/vc_column][vc_column width=\u00a0\u00bb1\/2&Prime;][vc_empty_space height=\u00a0\u00bb40px\u00a0\u00bb][vc_column_text]L&rsquo;ing\u00e9nieur Giovanni Canepa raconte son histoire. \u00c0 l&rsquo;\u00e2ge de 90 ans,&#8230;<\/p>\n","protected":false},"author":1,"featured_media":0,"parent":0,"menu_order":0,"comment_status":"closed","ping_status":"closed","template":"","meta":{"footnotes":""},"class_list":["post-16656","page","type-page","status-publish","hentry"],"_links":{"self":[{"href":"https:\/\/studiocanepa.it\/fr\/wp-json\/wp\/v2\/pages\/16656","targetHints":{"allow":["GET"]}}],"collection":[{"href":"https:\/\/studiocanepa.it\/fr\/wp-json\/wp\/v2\/pages"}],"about":[{"href":"https:\/\/studiocanepa.it\/fr\/wp-json\/wp\/v2\/types\/page"}],"author":[{"embeddable":true,"href":"https:\/\/studiocanepa.it\/fr\/wp-json\/wp\/v2\/users\/1"}],"replies":[{"embeddable":true,"href":"https:\/\/studiocanepa.it\/fr\/wp-json\/wp\/v2\/comments?post=16656"}],"version-history":[{"count":5,"href":"https:\/\/studiocanepa.it\/fr\/wp-json\/wp\/v2\/pages\/16656\/revisions"}],"predecessor-version":[{"id":16661,"href":"https:\/\/studiocanepa.it\/fr\/wp-json\/wp\/v2\/pages\/16656\/revisions\/16661"}],"wp:attachment":[{"href":"https:\/\/studiocanepa.it\/fr\/wp-json\/wp\/v2\/media?parent=16656"}],"curies":[{"name":"wp","href":"https:\/\/api.w.org\/{rel}","templated":true}]}}